{"id":18,"date":"2020-06-17T13:52:15","date_gmt":"2020-06-17T11:52:15","guid":{"rendered":"http:\/\/bsfconception.ovh\/?page_id=18"},"modified":"2023-03-15T19:39:05","modified_gmt":"2023-03-15T18:39:05","slug":"about","status":"publish","type":"page","link":"https:\/\/bsfconception.ovh\/?page_id=18","title":{"rendered":"A propos de BSF Conception"},"content":{"rendered":"\n<p>BSF (Black Salamander Factory) propose un service d&rsquo;\u00e9tude et de r\u00e9alisation de prototypes et petites s\u00e9ries de modules \u00e9lectroniques.<\/p>\n\n\n\n<p>Fort de plus de 30 ann\u00e9es d&rsquo;exp\u00e9riences en conception \u00e9lectronique et informatique dans des domaines tr\u00e8s divers, nous apportons un service m\u00e9thodologique et de qualit\u00e9.<\/p>\n\n\n\n<p>Notre domaine de comp\u00e9tence technique inclut <\/p>\n\n\n\n<ul>\n<li>Electronique Analogique et Num\u00e9rique<\/li>\n\n\n\n<li>Programmation de processeurs Microchip, Atmel, Motorola, Intel &#8230;.<\/li>\n\n\n\n<li>Communication USB, WiFi, RF, GSM, SMS &#8230;<\/li>\n\n\n\n<li>Capteurs : Temp\u00e9rature, proximit\u00e9, position, niveau, RFID, Empreinte &#8230;.<\/li>\n\n\n\n<li>Affichages LCD, LCD tactiles, Led, \u00e9crans &#8230;.<\/li>\n\n\n\n<li>Syst\u00e8mes autonomes, batterie Pb &#8211; Li-Ion, panneau solaire &#8230;.<\/li>\n<\/ul>\n\n\n\n<p>Exemples de r\u00e9alisations :<\/p>\n\n\n\n<ul>\n<li>Syst\u00e8me de tracking 3D temps r\u00e9el pour application chirurgicale (cam\u00e9ras en st\u00e9r\u00e9ovision)<\/li>\n\n\n\n<li>Surveillance autonome d&rsquo;abreuvage d&rsquo;animaux (Panneau Solaire, communication par SMS)<\/li>\n\n\n\n<li>Syst\u00e8me domotique ind\u00e9pendant (compatible Amazon Alexa)\n<ul>\n<li>commande de lumi\u00e8res<\/li>\n\n\n\n<li>commande de volets roulants<\/li>\n\n\n\n<li>commande de portails<\/li>\n\n\n\n<li>surveillance de temp\u00e9rature (cong\u00e9lateur, pi\u00e8ce)<\/li>\n\n\n\n<li>automatisation<\/li>\n\n\n\n<li>commande d&rsquo;arrosage<\/li>\n\n\n\n<li>d\u00e9clenchement d&rsquo;alertes<\/li>\n<\/ul>\n<\/li>\n\n\n\n<li>Syst\u00e8me autonome de t\u00e9l\u00e9surveillance de chantier BTP \n<ul>\n<li>alerte intrusion<\/li>\n\n\n\n<li>mesures m\u00e9t\u00e9orologiques<\/li>\n\n\n\n<li>activation de cam\u00e9ras de t\u00e9l\u00e9surveillance<\/li>\n<\/ul>\n<\/li>\n\n\n\n<li>Syst\u00e8mes des mesure pour laboratoires d&rsquo;analyse<\/li>\n\n\n\n<li>Tracker GPS pour s\u00e9curisation des randonn\u00e9es \u00e9questres<\/li>\n\n\n\n<li>&#8230;.<\/li>\n<\/ul>\n\n\n\n<p>BSF est \u00e9quip\u00e9 de mat\u00e9riel de pointe pour la conception, mise au point et fabrication des dispositifs<\/p>\n\n\n\n<ul>\n<li>Environnements de programmation ATMEL et MICROCHIP (FPGA Altera, Intel, Motorola possible)<\/li>\n\n\n\n<li>CAO de PCB Kicad<\/li>\n\n\n\n<li>CAO d&rsquo;usinage BobCAD<\/li>\n\n\n\n<li>3 imprimantes 3D (PLA, ABS, r\u00e9sine &#8230;)<\/li>\n\n\n\n<li>1 machines CNC pour usinage m\u00e9canique des pi\u00e8ces<\/li>\n\n\n\n<li>2 machine CNC de d\u00e9coupe\/gravure LASER CO2<\/li>\n\n\n\n<li>1 machine de gravure LASER Led<\/li>\n\n\n\n<li>Banc \u00e9lectronique (oscilloscopes, GBF, Alimentation programmable, testeurs<\/li>\n\n\n\n<li>Banc de fabrication de PCB (insoleuse, graveuse, \u00e9tameuse, CNC de per\u00e7age)\n<ul>\n<li>Banc d&rsquo;assemblage CMS (Fer \u00e0 Air Chaud, Plateau de refusion, Microscope \u00e0 c\u00e9am\u00e9ra &#8230;)<\/li>\n<\/ul>\n<\/li>\n\n\n\n<li>Usinage de Bois, PVC, Polycarbonate, Plexyglass (d\u00e9coupe CNC ou Laser CO2)<\/li>\n<\/ul>\n\n\n\n<p><\/p>\n\n\n\n<p><\/p>\n\n\n\n<p>Projets et boutiques : <\/p>\n\n\n\n<p><a href=\"https:\/\/www.etsy.com\/fr\/shop\/AtelierSalamandre\">https:\/\/www.etsy.com\/fr\/shop\/AtelierSalamandre<\/a><\/p>\n\n\n\n<p><a href=\"https:\/\/www.tindie.com\/stores\/blacksfactory\/\">https:\/\/www.tindie.com\/stores\/blacksfactory\/<\/a><\/p>\n\n\n\n<p><a href=\"https:\/\/www.instagram.com\/bsfconception\/\">https:\/\/www.instagram.com\/bsfconception\/<\/a><\/p>\n\n\n\n<p><a href=\"https:\/\/www.facebook.com\/bsf.conception.59\">https:\/\/www.facebook.com\/bsf.conception.59<\/a><\/p>\n\n\n\n<p><\/p>\n\n\n\n<p>Pour toute information, contactez : <a href=\"mailto:bsf.conception@gmail.com\">bsf.conception@gmail.com<\/a> ou <a href=\"mailto:contact@bsfconception.ovh\">contact@bsfconception.ovh<\/a><\/p>\n","protected":false},"excerpt":{"rendered":"<p>BSF (Black Salamander Factory) propose un service d&rsquo;\u00e9tude et de r\u00e9alisation de prototypes et petites s\u00e9ries de modules \u00e9lectroniques. Fort de plus de 30 ann\u00e9es d&rsquo;exp\u00e9riences en conception \u00e9lectronique et informatique dans des domaines tr\u00e8s divers, nous apportons un service m\u00e9thodologique et de qualit\u00e9. Notre domaine de comp\u00e9tence technique inclut Exemples de r\u00e9alisations : BSF &hellip; <\/p>\n<p class=\"link-more\"><a href=\"https:\/\/bsfconception.ovh\/?page_id=18\" class=\"more-link\">Continuer la lecture<span class=\"screen-reader-text\"> de &laquo;&nbsp;A propos de BSF Conception&nbsp;&raquo;<\/span><\/a><\/p>\n","protected":false},"author":1,"featured_media":0,"parent":0,"menu_order":0,"comment_status":"closed","ping_status":"closed","template":"","meta":[],"yoast_head":"<!-- This site is optimized with the Yoast SEO plugin v20.3 - https:\/\/yoast.com\/wordpress\/plugins\/seo\/ -->\n<title>A propos de BSF Conception - BSF Conception<\/title>\n<meta name=\"robots\" content=\"index, follow, max-snippet:-1, max-image-preview:large, max-video-preview:-1\" \/>\n<link rel=\"canonical\" href=\"https:\/\/bsfconception.ovh\/?page_id=18\" \/>\n<meta property=\"og:locale\" content=\"fr_FR\" \/>\n<meta property=\"og:type\" content=\"article\" \/>\n<meta property=\"og:title\" content=\"A propos de BSF Conception - BSF Conception\" \/>\n<meta property=\"og:description\" content=\"BSF (Black Salamander Factory) propose un service d&rsquo;\u00e9tude et de r\u00e9alisation de prototypes et petites s\u00e9ries de modules \u00e9lectroniques. Fort de plus de 30 ann\u00e9es d&rsquo;exp\u00e9riences en conception \u00e9lectronique et informatique dans des domaines tr\u00e8s divers, nous apportons un service m\u00e9thodologique et de qualit\u00e9. Notre domaine de comp\u00e9tence technique inclut Exemples de r\u00e9alisations : BSF &hellip; Continuer la lecture de &laquo;&nbsp;A propos de BSF Conception&nbsp;&raquo;\" \/>\n<meta property=\"og:url\" content=\"https:\/\/bsfconception.ovh\/?page_id=18\" \/>\n<meta property=\"og:site_name\" content=\"BSF Conception\" \/>\n<meta property=\"article:publisher\" content=\"https:\/\/www.facebook.com\/bsf.conception.1\" \/>\n<meta property=\"article:modified_time\" content=\"2023-03-15T18:39:05+00:00\" \/>\n<meta name=\"twitter:card\" content=\"summary_large_image\" \/>\n<meta name=\"twitter:label1\" content=\"Dur\u00e9e de lecture estim\u00e9e\" \/>\n\t<meta name=\"twitter:data1\" content=\"2 minutes\" \/>\n<script type=\"application\/ld+json\" class=\"yoast-schema-graph\">{\"@context\":\"https:\/\/schema.org\",\"@graph\":[{\"@type\":\"WebPage\",\"@id\":\"https:\/\/bsfconception.ovh\/?page_id=18\",\"url\":\"https:\/\/bsfconception.ovh\/?page_id=18\",\"name\":\"A propos de BSF Conception - BSF Conception\",\"isPartOf\":{\"@id\":\"https:\/\/bsfconception.ovh\/#website\"},\"datePublished\":\"2020-06-17T11:52:15+00:00\",\"dateModified\":\"2023-03-15T18:39:05+00:00\",\"breadcrumb\":{\"@id\":\"https:\/\/bsfconception.ovh\/?page_id=18#breadcrumb\"},\"inLanguage\":\"fr-FR\",\"potentialAction\":[{\"@type\":\"ReadAction\",\"target\":[\"https:\/\/bsfconception.ovh\/?page_id=18\"]}]},{\"@type\":\"BreadcrumbList\",\"@id\":\"https:\/\/bsfconception.ovh\/?page_id=18#breadcrumb\",\"itemListElement\":[{\"@type\":\"ListItem\",\"position\":1,\"name\":\"Accueil\",\"item\":\"https:\/\/bsfconception.ovh\/\"},{\"@type\":\"ListItem\",\"position\":2,\"name\":\"A propos de BSF Conception\"}]},{\"@type\":\"WebSite\",\"@id\":\"https:\/\/bsfconception.ovh\/#website\",\"url\":\"https:\/\/bsfconception.ovh\/\",\"name\":\"BSF Conception\",\"description\":\"Prototypage et petites s\u00e9ries de syst\u00e8mes \u00e9lectroniques\",\"publisher\":{\"@id\":\"https:\/\/bsfconception.ovh\/#organization\"},\"potentialAction\":[{\"@type\":\"SearchAction\",\"target\":{\"@type\":\"EntryPoint\",\"urlTemplate\":\"https:\/\/bsfconception.ovh\/?s={search_term_string}\"},\"query-input\":\"required name=search_term_string\"}],\"inLanguage\":\"fr-FR\"},{\"@type\":\"Organization\",\"@id\":\"https:\/\/bsfconception.ovh\/#organization\",\"name\":\"BSF Conception\",\"url\":\"https:\/\/bsfconception.ovh\/\",\"logo\":{\"@type\":\"ImageObject\",\"inLanguage\":\"fr-FR\",\"@id\":\"https:\/\/bsfconception.ovh\/#\/schema\/logo\/image\/\",\"url\":\"http:\/\/bsfconception.ovh\/wp-content\/uploads\/2020\/06\/BSF_Logo-1.png\",\"contentUrl\":\"http:\/\/bsfconception.ovh\/wp-content\/uploads\/2020\/06\/BSF_Logo-1.png\",\"width\":678,\"height\":746,\"caption\":\"BSF Conception\"},\"image\":{\"@id\":\"https:\/\/bsfconception.ovh\/#\/schema\/logo\/image\/\"},\"sameAs\":[\"https:\/\/www.facebook.com\/bsf.conception.1\"]}]}<\/script>\n<!-- \/ Yoast SEO plugin. -->","yoast_head_json":{"title":"A propos de BSF Conception - BSF Conception","robots":{"index":"index","follow":"follow","max-snippet":"max-snippet:-1","max-image-preview":"max-image-preview:large","max-video-preview":"max-video-preview:-1"},"canonical":"https:\/\/bsfconception.ovh\/?page_id=18","og_locale":"fr_FR","og_type":"article","og_title":"A propos de BSF Conception - BSF Conception","og_description":"BSF (Black Salamander Factory) propose un service d&rsquo;\u00e9tude et de r\u00e9alisation de prototypes et petites s\u00e9ries de modules \u00e9lectroniques. Fort de plus de 30 ann\u00e9es d&rsquo;exp\u00e9riences en conception \u00e9lectronique et informatique dans des domaines tr\u00e8s divers, nous apportons un service m\u00e9thodologique et de qualit\u00e9. Notre domaine de comp\u00e9tence technique inclut Exemples de r\u00e9alisations : BSF &hellip; Continuer la lecture de &laquo;&nbsp;A propos de BSF Conception&nbsp;&raquo;","og_url":"https:\/\/bsfconception.ovh\/?page_id=18","og_site_name":"BSF Conception","article_publisher":"https:\/\/www.facebook.com\/bsf.conception.1","article_modified_time":"2023-03-15T18:39:05+00:00","twitter_card":"summary_large_image","twitter_misc":{"Dur\u00e9e de lecture estim\u00e9e":"2 minutes"},"schema":{"@context":"https:\/\/schema.org","@graph":[{"@type":"WebPage","@id":"https:\/\/bsfconception.ovh\/?page_id=18","url":"https:\/\/bsfconception.ovh\/?page_id=18","name":"A propos de BSF Conception - BSF Conception","isPartOf":{"@id":"https:\/\/bsfconception.ovh\/#website"},"datePublished":"2020-06-17T11:52:15+00:00","dateModified":"2023-03-15T18:39:05+00:00","breadcrumb":{"@id":"https:\/\/bsfconception.ovh\/?page_id=18#breadcrumb"},"inLanguage":"fr-FR","potentialAction":[{"@type":"ReadAction","target":["https:\/\/bsfconception.ovh\/?page_id=18"]}]},{"@type":"BreadcrumbList","@id":"https:\/\/bsfconception.ovh\/?page_id=18#breadcrumb","itemListElement":[{"@type":"ListItem","position":1,"name":"Accueil","item":"https:\/\/bsfconception.ovh\/"},{"@type":"ListItem","position":2,"name":"A propos de BSF Conception"}]},{"@type":"WebSite","@id":"https:\/\/bsfconception.ovh\/#website","url":"https:\/\/bsfconception.ovh\/","name":"BSF Conception","description":"Prototypage et petites s\u00e9ries de syst\u00e8mes \u00e9lectroniques","publisher":{"@id":"https:\/\/bsfconception.ovh\/#organization"},"potentialAction":[{"@type":"SearchAction","target":{"@type":"EntryPoint","urlTemplate":"https:\/\/bsfconception.ovh\/?s={search_term_string}"},"query-input":"required name=search_term_string"}],"inLanguage":"fr-FR"},{"@type":"Organization","@id":"https:\/\/bsfconception.ovh\/#organization","name":"BSF Conception","url":"https:\/\/bsfconception.ovh\/","logo":{"@type":"ImageObject","inLanguage":"fr-FR","@id":"https:\/\/bsfconception.ovh\/#\/schema\/logo\/image\/","url":"http:\/\/bsfconception.ovh\/wp-content\/uploads\/2020\/06\/BSF_Logo-1.png","contentUrl":"http:\/\/bsfconception.ovh\/wp-content\/uploads\/2020\/06\/BSF_Logo-1.png","width":678,"height":746,"caption":"BSF Conception"},"image":{"@id":"https:\/\/bsfconception.ovh\/#\/schema\/logo\/image\/"},"sameAs":["https:\/\/www.facebook.com\/bsf.conception.1"]}]}},"_links":{"self":[{"href":"https:\/\/bsfconception.ovh\/index.php?rest_route=\/wp\/v2\/pages\/18"}],"collection":[{"href":"https:\/\/bsfconception.ovh\/index.php?rest_route=\/wp\/v2\/pages"}],"about":[{"href":"https:\/\/bsfconception.ovh\/index.php?rest_route=\/wp\/v2\/types\/page"}],"author":[{"embeddable":true,"href":"https:\/\/bsfconception.ovh\/index.php?rest_route=\/wp\/v2\/users\/1"}],"replies":[{"embeddable":true,"href":"https:\/\/bsfconception.ovh\/index.php?rest_route=%2Fwp%2Fv2%2Fcomments&post=18"}],"version-history":[{"count":6,"href":"https:\/\/bsfconception.ovh\/index.php?rest_route=\/wp\/v2\/pages\/18\/revisions"}],"predecessor-version":[{"id":312,"href":"https:\/\/bsfconception.ovh\/index.php?rest_route=\/wp\/v2\/pages\/18\/revisions\/312"}],"wp:attachment":[{"href":"https:\/\/bsfconception.ovh\/index.php?rest_route=%2Fwp%2Fv2%2Fmedia&parent=18"}],"curies":[{"name":"wp","href":"https:\/\/api.w.org\/{rel}","templated":true}]}}