{"id":239,"date":"2022-09-25T22:07:01","date_gmt":"2022-09-25T20:07:01","guid":{"rendered":"http:\/\/bsfconception.ovh\/?page_id=239"},"modified":"2022-09-25T22:07:01","modified_gmt":"2022-09-25T20:07:01","slug":"conception-et-cao-electronique","status":"publish","type":"page","link":"https:\/\/bsfconception.ovh\/?page_id=239","title":{"rendered":"Conception et CAO Electronique"},"content":{"rendered":"\n<p>Quelques exemples de projets \u00e9lectroniques  con\u00e7u, assembl\u00e9s et test\u00e9s dans notre atelier. <\/p>\n\n\n\n<figure class=\"is-layout-flex wp-block-gallery-1 wp-block-gallery columns-3 is-cropped\"><ul class=\"blocks-gallery-grid\"><li class=\"blocks-gallery-item\"><figure><img decoding=\"async\" loading=\"lazy\" width=\"1024\" height=\"768\" src=\"http:\/\/bsfconception.ovh\/wp-content\/uploads\/2022\/09\/IMG_20220603_165824-1024x768.jpg\" alt=\"\" data-id=\"240\" data-full-url=\"http:\/\/bsfconception.ovh\/wp-content\/uploads\/2022\/09\/IMG_20220603_165824.jpg\" data-link=\"http:\/\/bsfconception.ovh\/?attachment_id=240\" class=\"wp-image-240\" srcset=\"https:\/\/bsfconception.ovh\/wp-content\/uploads\/2022\/09\/IMG_20220603_165824-1024x768.jpg 1024w, https:\/\/bsfconception.ovh\/wp-content\/uploads\/2022\/09\/IMG_20220603_165824-300x225.jpg 300w, https:\/\/bsfconception.ovh\/wp-content\/uploads\/2022\/09\/IMG_20220603_165824-768x576.jpg 768w, https:\/\/bsfconception.ovh\/wp-content\/uploads\/2022\/09\/IMG_20220603_165824-1536x1152.jpg 1536w, https:\/\/bsfconception.ovh\/wp-content\/uploads\/2022\/09\/IMG_20220603_165824-1200x900.jpg 1200w, https:\/\/bsfconception.ovh\/wp-content\/uploads\/2022\/09\/IMG_20220603_165824.jpg 2000w\" sizes=\"(max-width: 767px) 89vw, (max-width: 1000px) 54vw, (max-width: 1071px) 543px, 580px\" \/><\/figure><\/li><li class=\"blocks-gallery-item\"><figure><img decoding=\"async\" loading=\"lazy\" width=\"1024\" height=\"768\" src=\"http:\/\/bsfconception.ovh\/wp-content\/uploads\/2022\/09\/IMG_20220705_194922-1024x768.jpg\" alt=\"\" data-id=\"241\" data-full-url=\"http:\/\/bsfconception.ovh\/wp-content\/uploads\/2022\/09\/IMG_20220705_194922-scaled.jpg\" data-link=\"http:\/\/bsfconception.ovh\/?attachment_id=241\" class=\"wp-image-241\" srcset=\"https:\/\/bsfconception.ovh\/wp-content\/uploads\/2022\/09\/IMG_20220705_194922-1024x768.jpg 1024w, https:\/\/bsfconception.ovh\/wp-content\/uploads\/2022\/09\/IMG_20220705_194922-300x225.jpg 300w, https:\/\/bsfconception.ovh\/wp-content\/uploads\/2022\/09\/IMG_20220705_194922-768x576.jpg 768w, https:\/\/bsfconception.ovh\/wp-content\/uploads\/2022\/09\/IMG_20220705_194922-1536x1152.jpg 1536w, https:\/\/bsfconception.ovh\/wp-content\/uploads\/2022\/09\/IMG_20220705_194922-2048x1536.jpg 2048w, https:\/\/bsfconception.ovh\/wp-content\/uploads\/2022\/09\/IMG_20220705_194922-1200x900.jpg 1200w\" sizes=\"(max-width: 767px) 89vw, (max-width: 1000px) 54vw, (max-width: 1071px) 543px, 580px\" \/><\/figure><\/li><li class=\"blocks-gallery-item\"><figure><img decoding=\"async\" loading=\"lazy\" width=\"1024\" height=\"640\" src=\"http:\/\/bsfconception.ovh\/wp-content\/uploads\/2022\/09\/V1.2-Assembled-1024x640.jpg\" alt=\"\" data-id=\"242\" data-full-url=\"http:\/\/bsfconception.ovh\/wp-content\/uploads\/2022\/09\/V1.2-Assembled.jpg\" data-link=\"http:\/\/bsfconception.ovh\/?attachment_id=242\" class=\"wp-image-242\" srcset=\"https:\/\/bsfconception.ovh\/wp-content\/uploads\/2022\/09\/V1.2-Assembled-1024x640.jpg 1024w, https:\/\/bsfconception.ovh\/wp-content\/uploads\/2022\/09\/V1.2-Assembled-300x188.jpg 300w, https:\/\/bsfconception.ovh\/wp-content\/uploads\/2022\/09\/V1.2-Assembled-768x480.jpg 768w, https:\/\/bsfconception.ovh\/wp-content\/uploads\/2022\/09\/V1.2-Assembled-1536x960.jpg 1536w, https:\/\/bsfconception.ovh\/wp-content\/uploads\/2022\/09\/V1.2-Assembled-1200x750.jpg 1200w, https:\/\/bsfconception.ovh\/wp-content\/uploads\/2022\/09\/V1.2-Assembled.jpg 2000w\" sizes=\"(max-width: 767px) 89vw, (max-width: 1000px) 54vw, (max-width: 1071px) 543px, 580px\" \/><\/figure><\/li><li class=\"blocks-gallery-item\"><figure><img decoding=\"async\" loading=\"lazy\" width=\"1024\" height=\"768\" src=\"http:\/\/bsfconception.ovh\/wp-content\/uploads\/2022\/09\/V2_P1-1024x768.jpg\" alt=\"\" data-id=\"243\" data-full-url=\"http:\/\/bsfconception.ovh\/wp-content\/uploads\/2022\/09\/V2_P1.jpg\" data-link=\"http:\/\/bsfconception.ovh\/?attachment_id=243\" class=\"wp-image-243\" srcset=\"https:\/\/bsfconception.ovh\/wp-content\/uploads\/2022\/09\/V2_P1-1024x768.jpg 1024w, https:\/\/bsfconception.ovh\/wp-content\/uploads\/2022\/09\/V2_P1-300x225.jpg 300w, https:\/\/bsfconception.ovh\/wp-content\/uploads\/2022\/09\/V2_P1-768x576.jpg 768w, https:\/\/bsfconception.ovh\/wp-content\/uploads\/2022\/09\/V2_P1-1536x1152.jpg 1536w, https:\/\/bsfconception.ovh\/wp-content\/uploads\/2022\/09\/V2_P1-1200x900.jpg 1200w, https:\/\/bsfconception.ovh\/wp-content\/uploads\/2022\/09\/V2_P1.jpg 2000w\" sizes=\"(max-width: 767px) 89vw, (max-width: 1000px) 54vw, (max-width: 1071px) 543px, 580px\" \/><\/figure><\/li><li class=\"blocks-gallery-item\"><figure><img decoding=\"async\" loading=\"lazy\" width=\"1024\" height=\"748\" src=\"http:\/\/bsfconception.ovh\/wp-content\/uploads\/2022\/09\/V2_P3-1024x748.jpg\" alt=\"\" data-id=\"244\" data-full-url=\"http:\/\/bsfconception.ovh\/wp-content\/uploads\/2022\/09\/V2_P3.jpg\" data-link=\"http:\/\/bsfconception.ovh\/?attachment_id=244\" class=\"wp-image-244\" srcset=\"https:\/\/bsfconception.ovh\/wp-content\/uploads\/2022\/09\/V2_P3-1024x748.jpg 1024w, https:\/\/bsfconception.ovh\/wp-content\/uploads\/2022\/09\/V2_P3-300x219.jpg 300w, https:\/\/bsfconception.ovh\/wp-content\/uploads\/2022\/09\/V2_P3-768x561.jpg 768w, https:\/\/bsfconception.ovh\/wp-content\/uploads\/2022\/09\/V2_P3-1536x1122.jpg 1536w, https:\/\/bsfconception.ovh\/wp-content\/uploads\/2022\/09\/V2_P3-1200x877.jpg 1200w, https:\/\/bsfconception.ovh\/wp-content\/uploads\/2022\/09\/V2_P3.jpg 2000w\" sizes=\"(max-width: 767px) 89vw, (max-width: 1000px) 54vw, (max-width: 1071px) 543px, 580px\" \/><\/figure><\/li><li class=\"blocks-gallery-item\"><figure><img decoding=\"async\" loading=\"lazy\" width=\"1024\" height=\"768\" src=\"http:\/\/bsfconception.ovh\/wp-content\/uploads\/2022\/09\/IMG_20210520_194809-1024x768.jpg\" alt=\"\" data-id=\"245\" data-full-url=\"http:\/\/bsfconception.ovh\/wp-content\/uploads\/2022\/09\/IMG_20210520_194809.jpg\" data-link=\"http:\/\/bsfconception.ovh\/?attachment_id=245\" class=\"wp-image-245\" srcset=\"https:\/\/bsfconception.ovh\/wp-content\/uploads\/2022\/09\/IMG_20210520_194809-1024x768.jpg 1024w, https:\/\/bsfconception.ovh\/wp-content\/uploads\/2022\/09\/IMG_20210520_194809-300x225.jpg 300w, https:\/\/bsfconception.ovh\/wp-content\/uploads\/2022\/09\/IMG_20210520_194809-768x576.jpg 768w, https:\/\/bsfconception.ovh\/wp-content\/uploads\/2022\/09\/IMG_20210520_194809-1536x1152.jpg 1536w, https:\/\/bsfconception.ovh\/wp-content\/uploads\/2022\/09\/IMG_20210520_194809-1200x900.jpg 1200w, https:\/\/bsfconception.ovh\/wp-content\/uploads\/2022\/09\/IMG_20210520_194809.jpg 2000w\" sizes=\"(max-width: 767px) 89vw, (max-width: 1000px) 54vw, (max-width: 1071px) 543px, 580px\" \/><\/figure><\/li><li class=\"blocks-gallery-item\"><figure><img decoding=\"async\" loading=\"lazy\" width=\"1024\" height=\"768\" src=\"http:\/\/bsfconception.ovh\/wp-content\/uploads\/2022\/09\/IMG_20210520_195044-1024x768.jpg\" alt=\"\" data-id=\"246\" data-full-url=\"http:\/\/bsfconception.ovh\/wp-content\/uploads\/2022\/09\/IMG_20210520_195044.jpg\" data-link=\"http:\/\/bsfconception.ovh\/?attachment_id=246\" class=\"wp-image-246\" srcset=\"https:\/\/bsfconception.ovh\/wp-content\/uploads\/2022\/09\/IMG_20210520_195044-1024x768.jpg 1024w, https:\/\/bsfconception.ovh\/wp-content\/uploads\/2022\/09\/IMG_20210520_195044-300x225.jpg 300w, https:\/\/bsfconception.ovh\/wp-content\/uploads\/2022\/09\/IMG_20210520_195044-768x576.jpg 768w, https:\/\/bsfconception.ovh\/wp-content\/uploads\/2022\/09\/IMG_20210520_195044-1536x1152.jpg 1536w, https:\/\/bsfconception.ovh\/wp-content\/uploads\/2022\/09\/IMG_20210520_195044-1200x900.jpg 1200w, https:\/\/bsfconception.ovh\/wp-content\/uploads\/2022\/09\/IMG_20210520_195044.jpg 2000w\" sizes=\"(max-width: 767px) 89vw, (max-width: 1000px) 54vw, (max-width: 1071px) 543px, 580px\" \/><\/figure><\/li><li class=\"blocks-gallery-item\"><figure><img decoding=\"async\" loading=\"lazy\" width=\"1024\" height=\"768\" src=\"http:\/\/bsfconception.ovh\/wp-content\/uploads\/2022\/09\/IMG_20210520_195121-1024x768.jpg\" alt=\"\" data-id=\"247\" data-full-url=\"http:\/\/bsfconception.ovh\/wp-content\/uploads\/2022\/09\/IMG_20210520_195121.jpg\" data-link=\"http:\/\/bsfconception.ovh\/?attachment_id=247\" class=\"wp-image-247\" srcset=\"https:\/\/bsfconception.ovh\/wp-content\/uploads\/2022\/09\/IMG_20210520_195121-1024x768.jpg 1024w, https:\/\/bsfconception.ovh\/wp-content\/uploads\/2022\/09\/IMG_20210520_195121-300x225.jpg 300w, https:\/\/bsfconception.ovh\/wp-content\/uploads\/2022\/09\/IMG_20210520_195121-768x576.jpg 768w, https:\/\/bsfconception.ovh\/wp-content\/uploads\/2022\/09\/IMG_20210520_195121-1536x1152.jpg 1536w, https:\/\/bsfconception.ovh\/wp-content\/uploads\/2022\/09\/IMG_20210520_195121-1200x900.jpg 1200w, https:\/\/bsfconception.ovh\/wp-content\/uploads\/2022\/09\/IMG_20210520_195121.jpg 2000w\" sizes=\"(max-width: 767px) 89vw, (max-width: 1000px) 54vw, (max-width: 1071px) 543px, 580px\" \/><\/figure><\/li><li class=\"blocks-gallery-item\"><figure><img decoding=\"async\" loading=\"lazy\" width=\"768\" height=\"1024\" src=\"http:\/\/bsfconception.ovh\/wp-content\/uploads\/2022\/09\/IMG_20220408_212839-768x1024.jpg\" alt=\"\" data-id=\"248\" data-full-url=\"http:\/\/bsfconception.ovh\/wp-content\/uploads\/2022\/09\/IMG_20220408_212839-scaled.jpg\" data-link=\"http:\/\/bsfconception.ovh\/?attachment_id=248\" class=\"wp-image-248\" srcset=\"https:\/\/bsfconception.ovh\/wp-content\/uploads\/2022\/09\/IMG_20220408_212839-768x1024.jpg 768w, https:\/\/bsfconception.ovh\/wp-content\/uploads\/2022\/09\/IMG_20220408_212839-225x300.jpg 225w, https:\/\/bsfconception.ovh\/wp-content\/uploads\/2022\/09\/IMG_20220408_212839-1152x1536.jpg 1152w, https:\/\/bsfconception.ovh\/wp-content\/uploads\/2022\/09\/IMG_20220408_212839-1536x2048.jpg 1536w, https:\/\/bsfconception.ovh\/wp-content\/uploads\/2022\/09\/IMG_20220408_212839-1200x1600.jpg 1200w, https:\/\/bsfconception.ovh\/wp-content\/uploads\/2022\/09\/IMG_20220408_212839-scaled.jpg 1920w\" sizes=\"(max-width: 767px) 89vw, (max-width: 1000px) 54vw, (max-width: 1071px) 543px, 580px\" \/><\/figure><\/li><li class=\"blocks-gallery-item\"><figure><img decoding=\"async\" loading=\"lazy\" width=\"1024\" height=\"768\" src=\"http:\/\/bsfconception.ovh\/wp-content\/uploads\/2022\/01\/IMG_20220124_083455-1024x768.jpg\" alt=\"\" data-id=\"167\" data-full-url=\"http:\/\/bsfconception.ovh\/wp-content\/uploads\/2022\/01\/IMG_20220124_083455.jpg\" data-link=\"http:\/\/bsfconception.ovh\/?attachment_id=167\" class=\"wp-image-167\" srcset=\"https:\/\/bsfconception.ovh\/wp-content\/uploads\/2022\/01\/IMG_20220124_083455-1024x768.jpg 1024w, https:\/\/bsfconception.ovh\/wp-content\/uploads\/2022\/01\/IMG_20220124_083455-300x225.jpg 300w, https:\/\/bsfconception.ovh\/wp-content\/uploads\/2022\/01\/IMG_20220124_083455-768x576.jpg 768w, https:\/\/bsfconception.ovh\/wp-content\/uploads\/2022\/01\/IMG_20220124_083455.jpg 1200w\" sizes=\"(max-width: 767px) 89vw, (max-width: 1000px) 54vw, (max-width: 1071px) 543px, 580px\" \/><\/figure><\/li><li class=\"blocks-gallery-item\"><figure><img decoding=\"async\" loading=\"lazy\" width=\"1024\" height=\"768\" src=\"http:\/\/bsfconception.ovh\/wp-content\/uploads\/2020\/06\/IMG_20200409_105610-1024x768.jpg\" alt=\"\" data-id=\"34\" data-full-url=\"http:\/\/bsfconception.ovh\/wp-content\/uploads\/2020\/06\/IMG_20200409_105610-scaled.jpg\" data-link=\"http:\/\/bsfconception.ovh\/?attachment_id=34\" class=\"wp-image-34\" srcset=\"https:\/\/bsfconception.ovh\/wp-content\/uploads\/2020\/06\/IMG_20200409_105610-1024x768.jpg 1024w, https:\/\/bsfconception.ovh\/wp-content\/uploads\/2020\/06\/IMG_20200409_105610-300x225.jpg 300w, https:\/\/bsfconception.ovh\/wp-content\/uploads\/2020\/06\/IMG_20200409_105610-768x576.jpg 768w, https:\/\/bsfconception.ovh\/wp-content\/uploads\/2020\/06\/IMG_20200409_105610-1536x1152.jpg 1536w, https:\/\/bsfconception.ovh\/wp-content\/uploads\/2020\/06\/IMG_20200409_105610-2048x1536.jpg 2048w, https:\/\/bsfconception.ovh\/wp-content\/uploads\/2020\/06\/IMG_20200409_105610-1200x900.jpg 1200w\" sizes=\"(max-width: 767px) 89vw, (max-width: 1000px) 54vw, (max-width: 1071px) 543px, 580px\" \/><figcaption class=\"blocks-gallery-item__caption\">dav<\/figcaption><\/figure><\/li><li class=\"blocks-gallery-item\"><figure><img decoding=\"async\" loading=\"lazy\" width=\"962\" height=\"1024\" src=\"http:\/\/bsfconception.ovh\/wp-content\/uploads\/2020\/06\/PCB-962x1024.jpg\" alt=\"\" data-id=\"56\" data-full-url=\"http:\/\/bsfconception.ovh\/wp-content\/uploads\/2020\/06\/PCB.jpg\" data-link=\"http:\/\/bsfconception.ovh\/?attachment_id=56\" class=\"wp-image-56\" srcset=\"https:\/\/bsfconception.ovh\/wp-content\/uploads\/2020\/06\/PCB-962x1024.jpg 962w, https:\/\/bsfconception.ovh\/wp-content\/uploads\/2020\/06\/PCB-282x300.jpg 282w, https:\/\/bsfconception.ovh\/wp-content\/uploads\/2020\/06\/PCB-768x818.jpg 768w, https:\/\/bsfconception.ovh\/wp-content\/uploads\/2020\/06\/PCB.jpg 1024w\" sizes=\"(max-width: 767px) 89vw, (max-width: 1000px) 54vw, (max-width: 1071px) 543px, 580px\" \/><\/figure><\/li><li class=\"blocks-gallery-item\"><figure><img decoding=\"async\" loading=\"lazy\" width=\"1024\" height=\"768\" src=\"http:\/\/bsfconception.ovh\/wp-content\/uploads\/2022\/05\/IMG_20220521_154126-1024x768.jpg\" alt=\"\" data-id=\"177\" data-full-url=\"http:\/\/bsfconception.ovh\/wp-content\/uploads\/2022\/05\/IMG_20220521_154126.jpg\" data-link=\"http:\/\/bsfconception.ovh\/?attachment_id=177\" class=\"wp-image-177\" srcset=\"https:\/\/bsfconception.ovh\/wp-content\/uploads\/2022\/05\/IMG_20220521_154126-1024x768.jpg 1024w, https:\/\/bsfconception.ovh\/wp-content\/uploads\/2022\/05\/IMG_20220521_154126-300x225.jpg 300w, https:\/\/bsfconception.ovh\/wp-content\/uploads\/2022\/05\/IMG_20220521_154126-768x576.jpg 768w, https:\/\/bsfconception.ovh\/wp-content\/uploads\/2022\/05\/IMG_20220521_154126-1536x1152.jpg 1536w, https:\/\/bsfconception.ovh\/wp-content\/uploads\/2022\/05\/IMG_20220521_154126-1200x900.jpg 1200w, https:\/\/bsfconception.ovh\/wp-content\/uploads\/2022\/05\/IMG_20220521_154126.jpg 2000w\" sizes=\"(max-width: 767px) 89vw, (max-width: 1000px) 54vw, (max-width: 1071px) 543px, 580px\" \/><\/figure><\/li><li class=\"blocks-gallery-item\"><figure><img decoding=\"async\" loading=\"lazy\" width=\"1024\" height=\"768\" src=\"http:\/\/bsfconception.ovh\/wp-content\/uploads\/2022\/05\/IMG_20220525_082000-1024x768.jpg\" alt=\"\" data-id=\"181\" data-full-url=\"http:\/\/bsfconception.ovh\/wp-content\/uploads\/2022\/05\/IMG_20220525_082000.jpg\" data-link=\"http:\/\/bsfconception.ovh\/?attachment_id=181\" class=\"wp-image-181\" srcset=\"https:\/\/bsfconception.ovh\/wp-content\/uploads\/2022\/05\/IMG_20220525_082000-1024x768.jpg 1024w, https:\/\/bsfconception.ovh\/wp-content\/uploads\/2022\/05\/IMG_20220525_082000-300x225.jpg 300w, https:\/\/bsfconception.ovh\/wp-content\/uploads\/2022\/05\/IMG_20220525_082000-768x576.jpg 768w, https:\/\/bsfconception.ovh\/wp-content\/uploads\/2022\/05\/IMG_20220525_082000-1536x1152.jpg 1536w, https:\/\/bsfconception.ovh\/wp-content\/uploads\/2022\/05\/IMG_20220525_082000-1200x900.jpg 1200w, https:\/\/bsfconception.ovh\/wp-content\/uploads\/2022\/05\/IMG_20220525_082000.jpg 2000w\" sizes=\"(max-width: 767px) 89vw, (max-width: 1000px) 54vw, (max-width: 1071px) 543px, 580px\" \/><\/figure><\/li><\/ul><\/figure>\n\n\n\n<p>La fabrication des circuit imprim\u00e9s est confi\u00e9e \u00e0 un sous-traitant, reconnu pour la qualit\u00e9 de fabrication.<\/p>\n","protected":false},"excerpt":{"rendered":"<p>Quelques exemples de projets \u00e9lectroniques con\u00e7u, assembl\u00e9s et test\u00e9s dans notre atelier. La fabrication des circuit imprim\u00e9s est confi\u00e9e \u00e0 un sous-traitant, reconnu pour la qualit\u00e9 de fabrication.<\/p>\n","protected":false},"author":1,"featured_media":0,"parent":0,"menu_order":0,"comment_status":"closed","ping_status":"closed","template":"","meta":[],"yoast_head":"<!-- This site is optimized with the Yoast SEO plugin v20.3 - https:\/\/yoast.com\/wordpress\/plugins\/seo\/ -->\n<title>Conception et CAO Electronique - BSF Conception<\/title>\n<meta name=\"robots\" content=\"index, follow, max-snippet:-1, max-image-preview:large, max-video-preview:-1\" \/>\n<link rel=\"canonical\" href=\"https:\/\/bsfconception.ovh\/?page_id=239\" \/>\n<meta property=\"og:locale\" content=\"fr_FR\" \/>\n<meta property=\"og:type\" content=\"article\" \/>\n<meta property=\"og:title\" content=\"Conception et CAO Electronique - BSF Conception\" \/>\n<meta property=\"og:description\" content=\"Quelques exemples de projets \u00e9lectroniques con\u00e7u, assembl\u00e9s et test\u00e9s dans notre atelier. La fabrication des circuit imprim\u00e9s est confi\u00e9e \u00e0 un sous-traitant, reconnu pour la qualit\u00e9 de fabrication.\" \/>\n<meta property=\"og:url\" content=\"https:\/\/bsfconception.ovh\/?page_id=239\" \/>\n<meta property=\"og:site_name\" content=\"BSF Conception\" \/>\n<meta property=\"article:publisher\" content=\"https:\/\/www.facebook.com\/bsf.conception.1\" \/>\n<meta property=\"og:image\" content=\"http:\/\/bsfconception.ovh\/wp-content\/uploads\/2022\/09\/IMG_20220603_165824-1024x768.jpg\" \/>\n<meta name=\"twitter:card\" content=\"summary_large_image\" \/>\n<script type=\"application\/ld+json\" class=\"yoast-schema-graph\">{\"@context\":\"https:\/\/schema.org\",\"@graph\":[{\"@type\":\"WebPage\",\"@id\":\"https:\/\/bsfconception.ovh\/?page_id=239\",\"url\":\"https:\/\/bsfconception.ovh\/?page_id=239\",\"name\":\"Conception et CAO Electronique - BSF Conception\",\"isPartOf\":{\"@id\":\"https:\/\/bsfconception.ovh\/#website\"},\"datePublished\":\"2022-09-25T20:07:01+00:00\",\"dateModified\":\"2022-09-25T20:07:01+00:00\",\"breadcrumb\":{\"@id\":\"https:\/\/bsfconception.ovh\/?page_id=239#breadcrumb\"},\"inLanguage\":\"fr-FR\",\"potentialAction\":[{\"@type\":\"ReadAction\",\"target\":[\"https:\/\/bsfconception.ovh\/?page_id=239\"]}]},{\"@type\":\"BreadcrumbList\",\"@id\":\"https:\/\/bsfconception.ovh\/?page_id=239#breadcrumb\",\"itemListElement\":[{\"@type\":\"ListItem\",\"position\":1,\"name\":\"Accueil\",\"item\":\"https:\/\/bsfconception.ovh\/\"},{\"@type\":\"ListItem\",\"position\":2,\"name\":\"Conception et CAO Electronique\"}]},{\"@type\":\"WebSite\",\"@id\":\"https:\/\/bsfconception.ovh\/#website\",\"url\":\"https:\/\/bsfconception.ovh\/\",\"name\":\"BSF Conception\",\"description\":\"Prototypage et petites s\u00e9ries de syst\u00e8mes \u00e9lectroniques\",\"publisher\":{\"@id\":\"https:\/\/bsfconception.ovh\/#organization\"},\"potentialAction\":[{\"@type\":\"SearchAction\",\"target\":{\"@type\":\"EntryPoint\",\"urlTemplate\":\"https:\/\/bsfconception.ovh\/?s={search_term_string}\"},\"query-input\":\"required name=search_term_string\"}],\"inLanguage\":\"fr-FR\"},{\"@type\":\"Organization\",\"@id\":\"https:\/\/bsfconception.ovh\/#organization\",\"name\":\"BSF Conception\",\"url\":\"https:\/\/bsfconception.ovh\/\",\"logo\":{\"@type\":\"ImageObject\",\"inLanguage\":\"fr-FR\",\"@id\":\"https:\/\/bsfconception.ovh\/#\/schema\/logo\/image\/\",\"url\":\"http:\/\/bsfconception.ovh\/wp-content\/uploads\/2020\/06\/BSF_Logo-1.png\",\"contentUrl\":\"http:\/\/bsfconception.ovh\/wp-content\/uploads\/2020\/06\/BSF_Logo-1.png\",\"width\":678,\"height\":746,\"caption\":\"BSF Conception\"},\"image\":{\"@id\":\"https:\/\/bsfconception.ovh\/#\/schema\/logo\/image\/\"},\"sameAs\":[\"https:\/\/www.facebook.com\/bsf.conception.1\"]}]}<\/script>\n<!-- \/ Yoast SEO plugin. -->","yoast_head_json":{"title":"Conception et CAO Electronique - BSF Conception","robots":{"index":"index","follow":"follow","max-snippet":"max-snippet:-1","max-image-preview":"max-image-preview:large","max-video-preview":"max-video-preview:-1"},"canonical":"https:\/\/bsfconception.ovh\/?page_id=239","og_locale":"fr_FR","og_type":"article","og_title":"Conception et CAO Electronique - BSF Conception","og_description":"Quelques exemples de projets \u00e9lectroniques con\u00e7u, assembl\u00e9s et test\u00e9s dans notre atelier. La fabrication des circuit imprim\u00e9s est confi\u00e9e \u00e0 un sous-traitant, reconnu pour la qualit\u00e9 de fabrication.","og_url":"https:\/\/bsfconception.ovh\/?page_id=239","og_site_name":"BSF Conception","article_publisher":"https:\/\/www.facebook.com\/bsf.conception.1","og_image":[{"url":"http:\/\/bsfconception.ovh\/wp-content\/uploads\/2022\/09\/IMG_20220603_165824-1024x768.jpg"}],"twitter_card":"summary_large_image","schema":{"@context":"https:\/\/schema.org","@graph":[{"@type":"WebPage","@id":"https:\/\/bsfconception.ovh\/?page_id=239","url":"https:\/\/bsfconception.ovh\/?page_id=239","name":"Conception et CAO Electronique - BSF Conception","isPartOf":{"@id":"https:\/\/bsfconception.ovh\/#website"},"datePublished":"2022-09-25T20:07:01+00:00","dateModified":"2022-09-25T20:07:01+00:00","breadcrumb":{"@id":"https:\/\/bsfconception.ovh\/?page_id=239#breadcrumb"},"inLanguage":"fr-FR","potentialAction":[{"@type":"ReadAction","target":["https:\/\/bsfconception.ovh\/?page_id=239"]}]},{"@type":"BreadcrumbList","@id":"https:\/\/bsfconception.ovh\/?page_id=239#breadcrumb","itemListElement":[{"@type":"ListItem","position":1,"name":"Accueil","item":"https:\/\/bsfconception.ovh\/"},{"@type":"ListItem","position":2,"name":"Conception et CAO Electronique"}]},{"@type":"WebSite","@id":"https:\/\/bsfconception.ovh\/#website","url":"https:\/\/bsfconception.ovh\/","name":"BSF Conception","description":"Prototypage et petites s\u00e9ries de syst\u00e8mes \u00e9lectroniques","publisher":{"@id":"https:\/\/bsfconception.ovh\/#organization"},"potentialAction":[{"@type":"SearchAction","target":{"@type":"EntryPoint","urlTemplate":"https:\/\/bsfconception.ovh\/?s={search_term_string}"},"query-input":"required name=search_term_string"}],"inLanguage":"fr-FR"},{"@type":"Organization","@id":"https:\/\/bsfconception.ovh\/#organization","name":"BSF Conception","url":"https:\/\/bsfconception.ovh\/","logo":{"@type":"ImageObject","inLanguage":"fr-FR","@id":"https:\/\/bsfconception.ovh\/#\/schema\/logo\/image\/","url":"http:\/\/bsfconception.ovh\/wp-content\/uploads\/2020\/06\/BSF_Logo-1.png","contentUrl":"http:\/\/bsfconception.ovh\/wp-content\/uploads\/2020\/06\/BSF_Logo-1.png","width":678,"height":746,"caption":"BSF Conception"},"image":{"@id":"https:\/\/bsfconception.ovh\/#\/schema\/logo\/image\/"},"sameAs":["https:\/\/www.facebook.com\/bsf.conception.1"]}]}},"_links":{"self":[{"href":"https:\/\/bsfconception.ovh\/index.php?rest_route=\/wp\/v2\/pages\/239"}],"collection":[{"href":"https:\/\/bsfconception.ovh\/index.php?rest_route=\/wp\/v2\/pages"}],"about":[{"href":"https:\/\/bsfconception.ovh\/index.php?rest_route=\/wp\/v2\/types\/page"}],"author":[{"embeddable":true,"href":"https:\/\/bsfconception.ovh\/index.php?rest_route=\/wp\/v2\/users\/1"}],"replies":[{"embeddable":true,"href":"https:\/\/bsfconception.ovh\/index.php?rest_route=%2Fwp%2Fv2%2Fcomments&post=239"}],"version-history":[{"count":1,"href":"https:\/\/bsfconception.ovh\/index.php?rest_route=\/wp\/v2\/pages\/239\/revisions"}],"predecessor-version":[{"id":249,"href":"https:\/\/bsfconception.ovh\/index.php?rest_route=\/wp\/v2\/pages\/239\/revisions\/249"}],"wp:attachment":[{"href":"https:\/\/bsfconception.ovh\/index.php?rest_route=%2Fwp%2Fv2%2Fmedia&parent=239"}],"curies":[{"name":"wp","href":"https:\/\/api.w.org\/{rel}","templated":true}]}}